{"id":114,"date":"2026-04-24T22:39:09","date_gmt":"2026-04-25T03:39:09","guid":{"rendered":"https:\/\/karina.jaramillor.net\/?post_type=product&#038;p=114"},"modified":"2026-04-24T22:39:09","modified_gmt":"2026-04-25T03:39:09","slug":"uniformes-deportivos-nins","status":"publish","type":"product","link":"https:\/\/karina.jaramillor.net\/?product=uniformes-deportivos-nins","title":{"rendered":"Uniformes deportivos ni\u00f1@s"},"content":{"rendered":"<p>Kit deportivo para ni\u00f1os y ni\u00f1as: el kit incluye camiseta sublimada, panataloneta en el caso de los ni\u00f1os y falda short en el caso de las ni\u00f1as o short depndiendo la necesidad, ademas incluye las medias deportivas y de obsequio una camiseta tama\u00f1o adulto para el tutor del equipo.<\/p>\n","protected":false},"excerpt":{"rendered":"<p>Kit deportivo camiseta short y medias<\/p>\n","protected":false},"featured_media":115,"comment_status":"open","ping_status":"closed","template":"","meta":{"_kad_post_transparent":"default","_kad_post_title":"","_kad_post_layout":"default","_kad_post_sidebar_id":"","_kad_post_content_style":"default","_kad_post_vertical_padding":"default","_kad_post_feature":"","_kad_post_feature_position":"","_kad_post_header":false,"_kad_post_footer":false,"_kad_post_classname":""},"product_brand":[],"product_cat":[25],"product_tag":[],"class_list":{"0":"post-114","1":"product","2":"type-product","3":"status-publish","4":"has-post-thumbnail","6":"product_cat-uniformes-deportivos-ropa","8":"first","9":"instock","10":"shipping-taxable","11":"purchasable","12":"product-type-simple","13":"entry","14":"content-bg","15":"loop-entry"},"_links":{"self":[{"href":"https:\/\/karina.jaramillor.net\/index.php?rest_route=\/wp\/v2\/product\/114","targetHints":{"allow":["GET"]}}],"collection":[{"href":"https:\/\/karina.jaramillor.net\/index.php?rest_route=\/wp\/v2\/product"}],"about":[{"href":"https:\/\/karina.jaramillor.net\/index.php?rest_route=\/wp\/v2\/types\/product"}],"replies":[{"embeddable":true,"href":"https:\/\/karina.jaramillor.net\/index.php?rest_route=%2Fwp%2Fv2%2Fcomments&post=114"}],"wp:featuredmedia":[{"embeddable":true,"href":"https:\/\/karina.jaramillor.net\/index.php?rest_route=\/wp\/v2\/media\/115"}],"wp:attachment":[{"href":"https:\/\/karina.jaramillor.net\/index.php?rest_route=%2Fwp%2Fv2%2Fmedia&parent=114"}],"wp:term":[{"taxonomy":"product_brand","embeddable":true,"href":"https:\/\/karina.jaramillor.net\/index.php?rest_route=%2Fwp%2Fv2%2Fproduct_brand&post=114"},{"taxonomy":"product_cat","embeddable":true,"href":"https:\/\/karina.jaramillor.net\/index.php?rest_route=%2Fwp%2Fv2%2Fproduct_cat&post=114"},{"taxonomy":"product_tag","embeddable":true,"href":"https:\/\/karina.jaramillor.net\/index.php?rest_route=%2Fwp%2Fv2%2Fproduct_tag&post=114"}],"curies":[{"name":"wp","href":"https:\/\/api.w.org\/{rel}","templated":true}]}}